{"id":2587,"date":"2025-02-04T21:24:59","date_gmt":"2025-02-04T19:24:59","guid":{"rendered":"https:\/\/bini.rtu.lv\/?page_id=2587"},"modified":"2025-02-06T00:58:17","modified_gmt":"2025-02-05T22:58:17","slug":"project-team","status":"publish","type":"page","link":"https:\/\/bini.rtu.lv\/biomedix\/project-team\/","title":{"rendered":"Project Team"},"content":{"rendered":"<table style=\"border-collapse: collapse; width: 100%; height: 760px;\">\n<tbody>\n<tr style=\"height: 166px;\">\n<td style=\"width: 14.0635%; height: 166px;\"><span style=\"font-family: helvetica, arial, sans-serif;\"><strong><img loading=\"lazy\" decoding=\"async\" class=\"alignleft size-thumbnail wp-image-2590\" src=\"https:\/\/bini.rtu.lv\/content\/uploads\/Jurijs-Dehtjars-RTU-150x150.png\" alt=\"Jurijs Dehtjars RTU\" width=\"150\" height=\"150\" \/><\/strong><\/span><\/td>\n<td style=\"width: 85.9365%; height: 166px;\"><span style=\"font-family: helvetica, arial, sans-serif;\"><strong>Jurijs Dehtjars<\/strong> <\/span><br \/>\n<span style=\"font-family: helvetica, arial, sans-serif;\">Riga Technical University<\/span><br \/>\n<span style=\"font-family: helvetica, arial, sans-serif;\">Professor, Dr.hab.Phys<\/span><br \/>\n<a href=\"mailto:jurijs.dehtjars@rtu.lv\"><span style=\"font-family: helvetica, arial, sans-serif;\">jurijs.dehtjars@rtu.lv<\/span><\/a><\/td>\n<\/tr>\n<tr style=\"height: 166px;\">\n<td style=\"width: 14.0635%; height: 166px;\"><span style=\"font-family: helvetica, arial, sans-serif;\"><strong><img loading=\"lazy\" decoding=\"async\" class=\"alignleft size-thumbnail wp-image-2594\" src=\"https:\/\/bini.rtu.lv\/content\/uploads\/Razvan-Pacurar-TUCN-150x150.png\" alt=\"Razvan Pacurar TUCN\" width=\"150\" height=\"150\" \/><\/strong><\/span><\/td>\n<td style=\"width: 85.9365%; height: 166px;\"><span style=\"font-family: helvetica, arial, sans-serif;\"><strong>Razvan Pacurar<\/strong> <\/span><br \/>\n<span style=\"font-family: helvetica, arial, sans-serif;\">Technical University of Cluj-Napoca<\/span><br \/>\n<span style=\"font-family: helvetica, arial, sans-serif;\">Professor, Dr.-Ing. habil.<\/span><br \/>\n<a href=\"mailto:Razvan.Pacurar@tcm.utcluj.ro\"><span style=\"font-family: helvetica, arial, sans-serif;\">Razvan.Pacurar@tcm.utcluj.ro<\/span><\/a><\/td>\n<\/tr>\n<tr style=\"height: 166px;\">\n<td style=\"width: 14.0635%; height: 166px;\"><span style=\"font-family: helvetica, arial, sans-serif;\"><strong><img loading=\"lazy\" decoding=\"async\" class=\"alignleft size-thumbnail wp-image-2588\" src=\"https:\/\/bini.rtu.lv\/content\/uploads\/Filip-Gorski-PUT-150x150.png\" alt=\"Filip Gorski PUT\" width=\"150\" height=\"150\" \/><\/strong><\/span><\/td>\n<td style=\"width: 85.9365%; height: 166px;\"><span style=\"font-family: helvetica, arial, sans-serif;\"><strong>Filip G\u00f3rski<\/strong> <\/span><br \/>\n<span style=\"font-family: helvetica, arial, sans-serif;\">Poznan University of Technology<\/span><br \/>\n<span style=\"font-family: helvetica, arial, sans-serif;\">Associate Professor, PhD, DSc <\/span><br \/>\n<a href=\"mailto:filip.gorski@put.poznan.pl\"><span style=\"font-family: helvetica, arial, sans-serif;\">filip.gorski@put.poznan.pl<\/span><\/a><\/td>\n<\/tr>\n<tr style=\"height: 166px;\">\n<td style=\"width: 14.0635%; height: 166px;\"><span style=\"font-family: helvetica, arial, sans-serif;\"><strong><img loading=\"lazy\" decoding=\"async\" class=\"alignleft size-thumbnail wp-image-2589\" src=\"https:\/\/bini.rtu.lv\/content\/uploads\/Joaquin-Francisco-Roca-Gonzalez-UPCT-150x150.png\" alt=\"Joaquin Francisco Roca Gonzalez UPCT\" width=\"150\" height=\"150\" \/><\/strong><\/span><\/td>\n<td style=\"width: 85.9365%; height: 166px;\"><span style=\"font-family: helvetica, arial, sans-serif;\"><strong>Joaqu\u00edn Francisco Roca Gonz\u00e1lez<\/strong><\/span><br \/>\n<span style=\"font-family: helvetica, arial, sans-serif;\">University of Cartagena<\/span><br \/>\n<span style=\"font-family: helvetica, arial, sans-serif;\">Profesor, PhD Ing.<\/span><br \/>\n<a href=\"mailto:Jroca.Gonzalez@upct.es\"><span style=\"font-family: helvetica, arial, sans-serif;\">Jroca.Gonzalez@upct.es<\/span><\/a><\/td>\n<\/tr>\n<tr style=\"height: 24px;\">\n<td style=\"width: 14.0635%; height: 24px;\"><span style=\"font-family: helvetica, arial, sans-serif;\"><strong><img loading=\"lazy\" decoding=\"async\" class=\"alignleft size-thumbnail wp-image-2591\" src=\"https:\/\/bini.rtu.lv\/content\/uploads\/Nikola-Vitkovic-NIS-150x150.png\" alt=\"Nikola Vitkovic NIS\" width=\"150\" height=\"150\" \/><\/strong><\/span><\/td>\n<td style=\"width: 85.9365%; height: 24px;\"><span style=\"font-family: helvetica, arial, sans-serif;\"><strong>Nikola Vitkovic<\/strong> <\/span><br \/>\n<span style=\"font-family: helvetica, arial, sans-serif;\">University of Ni\u0161<\/span><br \/>\n<span style=\"font-family: helvetica, arial, sans-serif;\">Associate professor, Dr.<\/span><br \/>\n<a href=\"mailto:nikola.vitkovich@gmail.com\"><span style=\"font-family: helvetica, arial, sans-serif;\">nikola.vitkovich@gmail.com<\/span><\/a><\/td>\n<\/tr>\n<tr style=\"height: 24px;\">\n<td style=\"width: 14.0635%; height: 24px;\"><span style=\"font-family: helvetica, arial, sans-serif;\"><strong><img loading=\"lazy\" decoding=\"async\" class=\"alignleft size-thumbnail wp-image-2595\" src=\"https:\/\/bini.rtu.lv\/content\/uploads\/Sven-Maricic-UNIPU-150x150.png\" alt=\"Sven Maricic UNIPU\" width=\"150\" height=\"150\" \/><\/strong><\/span><\/td>\n<td style=\"width: 85.9365%; height: 24px;\"><span style=\"font-family: helvetica, arial, sans-serif;\"><strong>Sven Mari\u010di\u0107<\/strong> <\/span><br \/>\n<span style=\"font-family: helvetica, arial, sans-serif;\">Juraj Dobrila University of Pula<\/span><br \/>\n<span style=\"font-family: helvetica, arial, sans-serif;\">Assoc. of Rector for Technology<\/span><br \/>\n<a href=\"mailto:smaricic@unipu.hr\"><span style=\"font-family: helvetica, arial, sans-serif;\">smaricic@unipu.hr<\/span><\/a><\/td>\n<\/tr>\n<tr style=\"height: 24px;\">\n<td style=\"width: 14.0635%; height: 24px;\"><span style=\"font-family: helvetica, arial, sans-serif;\"><strong><img loading=\"lazy\" decoding=\"async\" class=\"alignleft size-thumbnail wp-image-2592\" src=\"https:\/\/bini.rtu.lv\/content\/uploads\/Radu-Popa-Materialise-150x150.png\" alt=\"Radu Popa Materialise\" width=\"150\" height=\"150\" \/><\/strong><\/span><\/td>\n<td style=\"width: 85.9365%; height: 24px;\"><span style=\"font-family: helvetica, arial, sans-serif;\"><strong>Radu Popa<\/strong> <\/span><br \/>\n<span style=\"font-family: helvetica, arial, sans-serif;\">Materialize NV<\/span><br \/>\n<span style=\"font-family: helvetica, arial, sans-serif;\">Account Manager<\/span><br \/>\n<a href=\"mailto:radu.popa@materialise.be\"><span style=\"font-family: helvetica, arial, sans-serif;\">radu.popa@materialise.be<\/span><\/a><\/td>\n<\/tr>\n<tr style=\"height: 24px;\">\n<td style=\"width: 14.0635%; height: 24px;\"><span style=\"font-family: helvetica, arial, sans-serif;\"><strong><img loading=\"lazy\" decoding=\"async\" class=\"alignleft size-thumbnail wp-image-2593\" src=\"https:\/\/bini.rtu.lv\/content\/uploads\/Raphael-Lichtnecker-150x150.png\" alt=\"Raphael Lichtnecker\" width=\"150\" height=\"150\" \/><\/strong><\/span><\/td>\n<td style=\"width: 85.9365%; height: 24px;\"><span style=\"font-family: helvetica, arial, sans-serif;\"><strong>Raphael Lichtnecker<\/strong> <\/span><br \/>\n<span style=\"font-family: helvetica, arial, sans-serif;\">ViscoTec Pumpen- u. Dosiertechnik GmbH<\/span><br \/>\n<span style=\"font-family: helvetica, arial, sans-serif;\">Business Development Manager<\/span><br \/>\n<a href=\"mailto:raphael.lichtnecker@viscotec.de\"><span style=\"font-family: helvetica, arial, sans-serif;\">raphael.lichtnecker@viscotec.de<\/span><\/a><\/td>\n<\/tr>\n<\/tbody>\n<\/table>\n","protected":false},"excerpt":{"rendered":"<p>Jurijs Dehtjars Riga Technical University Professor, Dr.hab.Phys jurijs.dehtjars@rtu.lv Razvan Pacurar Technical University of Cluj-Napoca Professor, Dr.-Ing. habil. Razvan.Pacurar@tcm.utcluj.ro Filip G\u00f3rski Poznan University of Technology Associate Professor, PhD, DSc filip.gorski@put.poznan.pl Joaqu\u00edn Francisco Roca Gonz\u00e1lez University of Cartagena Profesor, PhD Ing. Jroca.Gonzalez@upct.es Nikola Vitkovic University of Ni\u0161 Associate professor, Dr. nikola.vitkovich@gmail.com Sven&#8230; <a class=\"continue-reading-link\" href=\"https:\/\/bini.rtu.lv\/biomedix\/project-team\/\">Continue reading<\/a><\/p>\n","protected":false},"author":2,"featured_media":0,"parent":0,"menu_order":0,"comment_status":"closed","ping_status":"closed","template":"","meta":{"footnotes":""},"class_list":["post-2587","page","type-page","status-publish","hentry"],"_links":{"self":[{"href":"https:\/\/bini.rtu.lv\/biomedix\/wp-json\/wp\/v2\/pages\/2587","targetHints":{"allow":["GET"]}}],"collection":[{"href":"https:\/\/bini.rtu.lv\/biomedix\/wp-json\/wp\/v2\/pages"}],"about":[{"href":"https:\/\/bini.rtu.lv\/biomedix\/wp-json\/wp\/v2\/types\/page"}],"author":[{"embeddable":true,"href":"https:\/\/bini.rtu.lv\/biomedix\/wp-json\/wp\/v2\/users\/2"}],"replies":[{"embeddable":true,"href":"https:\/\/bini.rtu.lv\/biomedix\/wp-json\/wp\/v2\/comments?post=2587"}],"version-history":[{"count":3,"href":"https:\/\/bini.rtu.lv\/biomedix\/wp-json\/wp\/v2\/pages\/2587\/revisions"}],"predecessor-version":[{"id":2670,"href":"https:\/\/bini.rtu.lv\/biomedix\/wp-json\/wp\/v2\/pages\/2587\/revisions\/2670"}],"wp:attachment":[{"href":"https:\/\/bini.rtu.lv\/biomedix\/wp-json\/wp\/v2\/media?parent=2587"}],"curies":[{"name":"wp","href":"https:\/\/api.w.org\/{rel}","templated":true}]}}